{"id":56,"date":"2025-02-14T20:16:59","date_gmt":"2025-02-14T20:16:59","guid":{"rendered":"http:\/\/www.bursatel.tr\/?page_id=56"},"modified":"2025-02-14T20:16:59","modified_gmt":"2025-02-14T20:16:59","slug":"galveniz-cevreleme-teli","status":"publish","type":"page","link":"http:\/\/www.bursatel.tr\/?page_id=56","title":{"rendered":"GALVEN\u0130Z \u00c7EVRELEME TEL\u0130"},"content":{"rendered":"\n<ul class=\"wp-block-list\">\n<li>Galvaniz tel \u00f6rg\u00fc \u00fcr\u00fcnleri<\/li>\n\n\n\n<li>Tel \u00f6rg\u00fclerimiz; galvaniz kaplama \u00f6zelli\u011fi ile paslanma, erime, kopma gibi durumlara kar\u015f\u0131 dayan\u0131kl\u0131 bir yap\u0131ya sahiptir.<\/li>\n\n\n\n<li>Baklava g\u00f6zenekli helezon \u00e7it teli olarakda bilinmektedir.<\/li>\n\n\n\n<li>Galvaniz tel \u00f6rg\u00fc sistemleri y\u00fcksek g\u00fcvenlik gerektirmeyen alanlarda daha fazla tercih edilmektedir.<\/li>\n\n\n\n<li>Kolay \u015fekil al\u0131r, d\u00fc\u015f\u00fck maliyetlidir ve kolay uygulanabilir bir tel \u00e7it t\u00fcr\u00fcd\u00fcr.<\/li>\n<\/ul>\n","protected":false},"excerpt":{"rendered":"","protected":false},"author":1,"featured_media":16,"parent":0,"menu_order":0,"comment_status":"closed","ping_status":"closed","template":"","meta":{"footnotes":""},"class_list":["post-56","page","type-page","status-publish","has-post-thumbnail","hentry"],"_links":{"self":[{"href":"http:\/\/www.bursatel.tr\/index.php?rest_route=\/wp\/v2\/pages\/56","targetHints":{"allow":["GET"]}}],"collection":[{"href":"http:\/\/www.bursatel.tr\/index.php?rest_route=\/wp\/v2\/pages"}],"about":[{"href":"http:\/\/www.bursatel.tr\/index.php?rest_route=\/wp\/v2\/types\/page"}],"author":[{"embeddable":true,"href":"http:\/\/www.bursatel.tr\/index.php?rest_route=\/wp\/v2\/users\/1"}],"replies":[{"embeddable":true,"href":"http:\/\/www.bursatel.tr\/index.php?rest_route=%2Fwp%2Fv2%2Fcomments&post=56"}],"version-history":[{"count":1,"href":"http:\/\/www.bursatel.tr\/index.php?rest_route=\/wp\/v2\/pages\/56\/revisions"}],"predecessor-version":[{"id":57,"href":"http:\/\/www.bursatel.tr\/index.php?rest_route=\/wp\/v2\/pages\/56\/revisions\/57"}],"wp:featuredmedia":[{"embeddable":true,"href":"http:\/\/www.bursatel.tr\/index.php?rest_route=\/wp\/v2\/media\/16"}],"wp:attachment":[{"href":"http:\/\/www.bursatel.tr\/index.php?rest_route=%2Fwp%2Fv2%2Fmedia&parent=56"}],"curies":[{"name":"wp","href":"https:\/\/api.w.org\/{rel}","templated":true}]}}