{"id":60,"date":"2025-02-14T20:18:09","date_gmt":"2025-02-14T20:18:09","guid":{"rendered":"http:\/\/www.bursatel.tr\/?page_id=60"},"modified":"2025-02-14T20:18:09","modified_gmt":"2025-02-14T20:18:09","slug":"hasir-tel-celik-hasir-cesan-bursa","status":"publish","type":"page","link":"http:\/\/www.bursatel.tr\/?page_id=60","title":{"rendered":"HASIR TEL \u2013 \u00c7EL\u0130K HASIR \u2013 \u00c7ESAN \/ BURSA"},"content":{"rendered":"\n<p>Has\u0131r tel yayg\u0131n olarak kullan\u0131lan ve olduk\u00e7a i\u015flevsel olan bir te\u00e7hizat malzemesi olmaktad\u0131r. Tel \u00e7it \u00e7e\u015fitleri aras\u0131nda;&nbsp;<strong>so\u011fuk \u00e7ekim sayesinde dayan\u0131kl\u0131l\u0131\u011f\u0131 y\u00fcksek olan bir tel \u00e7e\u015fididir<\/strong>.<\/p>\n\n\n\n<p>\u00c7elik \u00e7ubuklar\u0131n; birbirine nokta kayna\u011f\u0131 oldu\u011fu bu tel \u00e7e\u015fidinde milimetrik hassasiyetler ile \u00fcretim yapmak olduk\u00e7a \u00f6nemlidir.<\/p>\n","protected":false},"excerpt":{"rendered":"<p>Has\u0131r tel yayg\u0131n olarak kullan\u0131lan ve olduk\u00e7a i\u015flevsel olan bir te\u00e7hizat malzemesi olmaktad\u0131r. Tel \u00e7it \u00e7e\u015fitleri aras\u0131nda;&nbsp;so\u011fuk \u00e7ekim sayesinde dayan\u0131kl\u0131l\u0131\u011f\u0131 y\u00fcksek olan bir tel \u00e7e\u015fididir. \u00c7elik \u00e7ubuklar\u0131n; birbirine nokta kayna\u011f\u0131 oldu\u011fu bu tel \u00e7e\u015fidinde milimetrik hassasiyetler ile \u00fcretim yapmak olduk\u00e7a \u00f6nemlidir.<\/p>\n","protected":false},"author":1,"featured_media":9,"parent":0,"menu_order":0,"comment_status":"closed","ping_status":"closed","template":"","meta":{"footnotes":""},"class_list":["post-60","page","type-page","status-publish","has-post-thumbnail","hentry"],"_links":{"self":[{"href":"http:\/\/www.bursatel.tr\/index.php?rest_route=\/wp\/v2\/pages\/60","targetHints":{"allow":["GET"]}}],"collection":[{"href":"http:\/\/www.bursatel.tr\/index.php?rest_route=\/wp\/v2\/pages"}],"about":[{"href":"http:\/\/www.bursatel.tr\/index.php?rest_route=\/wp\/v2\/types\/page"}],"author":[{"embeddable":true,"href":"http:\/\/www.bursatel.tr\/index.php?rest_route=\/wp\/v2\/users\/1"}],"replies":[{"embeddable":true,"href":"http:\/\/www.bursatel.tr\/index.php?rest_route=%2Fwp%2Fv2%2Fcomments&post=60"}],"version-history":[{"count":1,"href":"http:\/\/www.bursatel.tr\/index.php?rest_route=\/wp\/v2\/pages\/60\/revisions"}],"predecessor-version":[{"id":61,"href":"http:\/\/www.bursatel.tr\/index.php?rest_route=\/wp\/v2\/pages\/60\/revisions\/61"}],"wp:featuredmedia":[{"embeddable":true,"href":"http:\/\/www.bursatel.tr\/index.php?rest_route=\/wp\/v2\/media\/9"}],"wp:attachment":[{"href":"http:\/\/www.bursatel.tr\/index.php?rest_route=%2Fwp%2Fv2%2Fmedia&parent=60"}],"curies":[{"name":"wp","href":"https:\/\/api.w.org\/{rel}","templated":true}]}}