{"id":62,"date":"2025-02-14T20:18:42","date_gmt":"2025-02-14T20:18:42","guid":{"rendered":"http:\/\/www.bursatel.tr\/?page_id=62"},"modified":"2025-02-14T20:18:42","modified_gmt":"2025-02-14T20:18:42","slug":"cim-cit-bursa","status":"publish","type":"page","link":"http:\/\/www.bursatel.tr\/?page_id=62","title":{"rendered":"\u00c7\u0130M \u00c7\u0130T \/ BURSA"},"content":{"rendered":"\n<p>\u00c7im \u00e7it&nbsp;<strong>bir duvar g\u00f6revi g\u00f6ren, bulundu\u011fu ortam\u0131 d\u0131\u015far\u0131dan bak\u0131ld\u0131\u011f\u0131 zaman gizleyen; modern, estetik, \u015f\u0131k ve paslanmaya dayan\u0131kl\u0131 bir \u00e7it \u00e7e\u015fididir<\/strong>.<\/p>\n\n\n\n<p>Yapay \u00e7im yani suni \u00e7im kullan\u0131larak \u00fcretilir. Genellikle bah\u00e7e \u00e7iti olarak kullan\u0131lan \u00e7im \u00e7it panel modelleri balkon, teras, i\u015fyeri gibi alanlarda da kullan\u0131l\u0131r.<\/p>\n","protected":false},"excerpt":{"rendered":"<p>\u00c7im \u00e7it&nbsp;bir duvar g\u00f6revi g\u00f6ren, bulundu\u011fu ortam\u0131 d\u0131\u015far\u0131dan bak\u0131ld\u0131\u011f\u0131 zaman gizleyen; modern, estetik, \u015f\u0131k ve paslanmaya dayan\u0131kl\u0131 bir \u00e7it \u00e7e\u015fididir. Yapay \u00e7im yani suni \u00e7im kullan\u0131larak \u00fcretilir. Genellikle bah\u00e7e \u00e7iti olarak kullan\u0131lan \u00e7im \u00e7it panel modelleri balkon, teras, i\u015fyeri gibi alanlarda da kullan\u0131l\u0131r.<\/p>\n","protected":false},"author":1,"featured_media":12,"parent":0,"menu_order":0,"comment_status":"closed","ping_status":"closed","template":"","meta":{"footnotes":""},"class_list":["post-62","page","type-page","status-publish","has-post-thumbnail","hentry"],"_links":{"self":[{"href":"http:\/\/www.bursatel.tr\/index.php?rest_route=\/wp\/v2\/pages\/62","targetHints":{"allow":["GET"]}}],"collection":[{"href":"http:\/\/www.bursatel.tr\/index.php?rest_route=\/wp\/v2\/pages"}],"about":[{"href":"http:\/\/www.bursatel.tr\/index.php?rest_route=\/wp\/v2\/types\/page"}],"author":[{"embeddable":true,"href":"http:\/\/www.bursatel.tr\/index.php?rest_route=\/wp\/v2\/users\/1"}],"replies":[{"embeddable":true,"href":"http:\/\/www.bursatel.tr\/index.php?rest_route=%2Fwp%2Fv2%2Fcomments&post=62"}],"version-history":[{"count":1,"href":"http:\/\/www.bursatel.tr\/index.php?rest_route=\/wp\/v2\/pages\/62\/revisions"}],"predecessor-version":[{"id":63,"href":"http:\/\/www.bursatel.tr\/index.php?rest_route=\/wp\/v2\/pages\/62\/revisions\/63"}],"wp:featuredmedia":[{"embeddable":true,"href":"http:\/\/www.bursatel.tr\/index.php?rest_route=\/wp\/v2\/media\/12"}],"wp:attachment":[{"href":"http:\/\/www.bursatel.tr\/index.php?rest_route=%2Fwp%2Fv2%2Fmedia&parent=62"}],"curies":[{"name":"wp","href":"https:\/\/api.w.org\/{rel}","templated":true}]}}