{"id":64,"date":"2025-02-14T20:19:12","date_gmt":"2025-02-14T20:19:12","guid":{"rendered":"http:\/\/www.bursatel.tr\/?page_id=64"},"modified":"2025-02-14T20:19:12","modified_gmt":"2025-02-14T20:19:12","slug":"panel-cit-bursa","status":"publish","type":"page","link":"http:\/\/www.bursatel.tr\/?page_id=64","title":{"rendered":"PANEL \u00c7\u0130T \/ BURSA"},"content":{"rendered":"\n<p><strong>Panel \u00c7it nedir<\/strong>&nbsp;?&nbsp;<strong>Panel \u00c7it<\/strong>&nbsp;, Galvaniz kapl\u0131 d\u00fcz telin do\u011frultma-kesme i\u015fleminin ard\u0131ndan , punta kaynak i\u015flemi ile belirli y\u00fckseklik ve uzunluklarda tabaka haline getirildikten sonra, y\u00fczey temizleme i\u015flemi ile temizlendikten sonra elektrostatik toz boyama ile boyanm\u0131\u015f haline denir.<\/p>\n","protected":false},"excerpt":{"rendered":"<p>Panel \u00c7it nedir&nbsp;?&nbsp;Panel \u00c7it&nbsp;, Galvaniz kapl\u0131 d\u00fcz telin do\u011frultma-kesme i\u015fleminin ard\u0131ndan , punta kaynak i\u015flemi ile belirli y\u00fckseklik ve uzunluklarda tabaka haline getirildikten sonra, y\u00fczey temizleme i\u015flemi ile temizlendikten sonra elektrostatik toz boyama ile boyanm\u0131\u015f haline denir.<\/p>\n","protected":false},"author":1,"featured_media":13,"parent":0,"menu_order":0,"comment_status":"closed","ping_status":"closed","template":"","meta":{"footnotes":""},"class_list":["post-64","page","type-page","status-publish","has-post-thumbnail","hentry"],"_links":{"self":[{"href":"http:\/\/www.bursatel.tr\/index.php?rest_route=\/wp\/v2\/pages\/64","targetHints":{"allow":["GET"]}}],"collection":[{"href":"http:\/\/www.bursatel.tr\/index.php?rest_route=\/wp\/v2\/pages"}],"about":[{"href":"http:\/\/www.bursatel.tr\/index.php?rest_route=\/wp\/v2\/types\/page"}],"author":[{"embeddable":true,"href":"http:\/\/www.bursatel.tr\/index.php?rest_route=\/wp\/v2\/users\/1"}],"replies":[{"embeddable":true,"href":"http:\/\/www.bursatel.tr\/index.php?rest_route=%2Fwp%2Fv2%2Fcomments&post=64"}],"version-history":[{"count":1,"href":"http:\/\/www.bursatel.tr\/index.php?rest_route=\/wp\/v2\/pages\/64\/revisions"}],"predecessor-version":[{"id":65,"href":"http:\/\/www.bursatel.tr\/index.php?rest_route=\/wp\/v2\/pages\/64\/revisions\/65"}],"wp:featuredmedia":[{"embeddable":true,"href":"http:\/\/www.bursatel.tr\/index.php?rest_route=\/wp\/v2\/media\/13"}],"wp:attachment":[{"href":"http:\/\/www.bursatel.tr\/index.php?rest_route=%2Fwp%2Fv2%2Fmedia&parent=64"}],"curies":[{"name":"wp","href":"https:\/\/api.w.org\/{rel}","templated":true}]}}